{"id":45,"date":"2026-02-13T10:24:52","date_gmt":"2026-02-13T10:24:52","guid":{"rendered":"http:\/\/www.fgrow.fi\/?page_id=45"},"modified":"2026-02-20T13:23:37","modified_gmt":"2026-02-20T13:23:37","slug":"yhteystiedot","status":"publish","type":"page","link":"https:\/\/www.fgrow.fi\/en\/yhteystiedot\/","title":{"rendered":"Contact"},"content":{"rendered":"\t\t<div data-elementor-type=\"wp-page\" data-elementor-id=\"45\" class=\"elementor elementor-45\" data-elementor-post-type=\"page\">\n\t\t\t\t<div data-particle_enable=\"false\" data-particle-mobile-disabled=\"false\" class=\"elementor-element elementor-element-83cc516 e-flex e-con-boxed e-con e-parent\" data-id=\"83cc516\" data-element_type=\"container\" data-e-type=\"container\">\n\t\t\t\t\t<div class=\"e-con-inner\">\n\t\t<div data-particle_enable=\"false\" data-particle-mobile-disabled=\"false\" class=\"elementor-element elementor-element-7b159e9 e-con-full e-flex e-con e-child\" data-id=\"7b159e9\" data-element_type=\"container\" data-e-type=\"container\">\n\t\t\t\t<div class=\"elementor-element elementor-element-10837d8 elementor-widget elementor-widget-google_maps\" data-id=\"10837d8\" data-element_type=\"widget\" data-e-type=\"widget\" data-widget_type=\"google_maps.default\">\n\t\t\t\t\t\t\t<div class=\"elementor-custom-embed\">\n\t\t\t<iframe loading=\"lazy\"\n\t\t\t\t\tsrc=\"https:\/\/maps.google.com\/maps?q=Sahaajankatu%2035%20B%2C%20%2000880%20Helsinki%20&#038;t=m&#038;z=10&#038;output=embed&#038;iwloc=near\"\n\t\t\t\t\ttitle=\"Sahaajankatu 35 B,  00880 Helsinki \"\n\t\t\t\t\taria-label=\"Sahaajankatu 35 B,  00880 Helsinki \"\n\t\t\t><\/iframe>\n\t\t<\/div>\n\t\t\t\t\t\t<\/div>\n\t\t\t\t<\/div>\n\t\t<div data-particle_enable=\"false\" data-particle-mobile-disabled=\"false\" class=\"elementor-element elementor-element-2337123 e-con-full e-flex e-con e-child\" data-id=\"2337123\" data-element_type=\"container\" data-e-type=\"container\">\n\t\t\t\t<div class=\"elementor-element elementor-element-6149cd2 elementor-widget elementor-widget-heading\" data-id=\"6149cd2\" data-element_type=\"widget\" data-e-type=\"widget\" data-widget_type=\"heading.default\">\n\t\t\t\t\t<h2 class=\"elementor-heading-title elementor-size-default\">Ota meihin yhteytt\u00e4<\/h2>\t\t\t\t<\/div>\n\t\t\t\t<div class=\"elementor-element elementor-element-5bb907a elementor-button-align-stretch elementor-widget elementor-widget-form\" data-id=\"5bb907a\" data-element_type=\"widget\" data-e-type=\"widget\" data-settings=\"{&quot;step_next_label&quot;:&quot;Next&quot;,&quot;step_previous_label&quot;:&quot;Previous&quot;,&quot;button_width&quot;:&quot;100&quot;,&quot;step_type&quot;:&quot;number_text&quot;,&quot;step_icon_shape&quot;:&quot;circle&quot;}\" data-widget_type=\"form.default\">\n\t\t\t\t\t\t\t<form class=\"elementor-form\" method=\"post\" name=\"New Form\" aria-label=\"New Form\">\n\t\t\t<input type=\"hidden\" name=\"post_id\" value=\"45\"\/>\n\t\t\t<input type=\"hidden\" name=\"form_id\" value=\"5bb907a\"\/>\n\t\t\t<input type=\"hidden\" name=\"referer_title\" value=\"Yhteystiedot - F Grow Oy\" \/>\n\n\t\t\t\t\t\t\t<input type=\"hidden\" name=\"queried_id\" value=\"45\"\/>\n\t\t\t\n\t\t\t<div class=\"elementor-form-fields-wrapper elementor-labels-above\">\n\t\t\t\t\t\t\t\t<div class=\"elementor-field-type-text elementor-field-group elementor-column elementor-field-group-name elementor-col-100\">\n\t\t\t\t\t\t\t\t\t\t\t\t<label for=\"form-field-name\" class=\"elementor-field-label\">\n\t\t\t\t\t\t\t\tNimi\t\t\t\t\t\t\t<\/label>\n\t\t\t\t\t\t\t\t\t\t\t\t\t\t<input size=\"1\" type=\"text\" name=\"form_fields[name]\" id=\"form-field-name\" class=\"elementor-field elementor-size-sm  elementor-field-textual\" placeholder=\"Nimi\">\n\t\t\t\t\t\t\t\t\t\t\t<\/div>\n\t\t\t\t\t\t\t\t<div class=\"elementor-field-type-email elementor-field-group elementor-column elementor-field-group-email elementor-col-100 elementor-field-required\">\n\t\t\t\t\t\t\t\t\t\t\t\t<label for=\"form-field-email\" class=\"elementor-field-label\">\n\t\t\t\t\t\t\t\tEmail\t\t\t\t\t\t\t<\/label>\n\t\t\t\t\t\t\t\t\t\t\t\t\t\t<input size=\"1\" type=\"email\" name=\"form_fields[email]\" id=\"form-field-email\" class=\"elementor-field elementor-size-sm  elementor-field-textual\" placeholder=\"Email\" required=\"required\">\n\t\t\t\t\t\t\t\t\t\t\t<\/div>\n\t\t\t\t\t\t\t\t<div class=\"elementor-field-type-textarea elementor-field-group elementor-column elementor-field-group-message elementor-col-100\">\n\t\t\t\t\t\t\t\t\t\t\t\t<label for=\"form-field-message\" class=\"elementor-field-label\">\n\t\t\t\t\t\t\t\tViesti\t\t\t\t\t\t\t<\/label>\n\t\t\t\t\t\t<textarea class=\"elementor-field-textual elementor-field  elementor-size-sm\" name=\"form_fields[message]\" id=\"form-field-message\" rows=\"4\" placeholder=\"Viesti\"><\/textarea>\t\t\t\t<\/div>\n\t\t\t\t\t\t\t\t<div class=\"elementor-field-group elementor-column elementor-field-type-submit elementor-col-100 e-form__buttons\">\n\t\t\t\t\t<button class=\"elementor-button elementor-size-sm\" type=\"submit\">\n\t\t\t\t\t\t<span class=\"elementor-button-content-wrapper\">\n\t\t\t\t\t\t\t\t\t\t\t\t\t\t\t\t\t\t\t\t\t\t<span class=\"elementor-button-text\">L\u00e4het\u00e4<\/span>\n\t\t\t\t\t\t\t\t\t\t\t\t\t<\/span>\n\t\t\t\t\t<\/button>\n\t\t\t\t<\/div>\n\t\t\t<\/div>\n\t\t<\/form>\n\t\t\t\t\t\t<\/div>\n\t\t\t\t<\/div>\n\t\t\t\t\t<\/div>\n\t\t\t\t<\/div>\n\t\t<div data-particle_enable=\"false\" data-particle-mobile-disabled=\"false\" class=\"elementor-element elementor-element-c8e9553 e-flex e-con-boxed e-con e-parent\" data-id=\"c8e9553\" data-element_type=\"container\" data-e-type=\"container\">\n\t\t\t\t\t<div class=\"e-con-inner\">\n\t\t\t\t<div class=\"elementor-element elementor-element-a5a39c9 elementor-widget elementor-widget-heading\" data-id=\"a5a39c9\" data-element_type=\"widget\" data-e-type=\"widget\" data-widget_type=\"heading.default\">\n\t\t\t\t\t<h2 class=\"elementor-heading-title elementor-size-default\">Yhteystiedot<\/h2>\t\t\t\t<\/div>\n\t\t\t\t\t<\/div>\n\t\t\t\t<\/div>\n\t\t<div data-particle_enable=\"false\" data-particle-mobile-disabled=\"false\" class=\"elementor-element elementor-element-159b1c3 e-flex e-con-boxed e-con e-parent\" data-id=\"159b1c3\" data-element_type=\"container\" data-e-type=\"container\">\n\t\t\t\t\t<div class=\"e-con-inner\">\n\t\t<div data-particle_enable=\"false\" data-particle-mobile-disabled=\"false\" class=\"elementor-element elementor-element-199999c e-con-full e-flex e-con e-child\" data-id=\"199999c\" data-element_type=\"container\" data-e-type=\"container\">\n\t\t\t\t<div class=\"elementor-element elementor-element-b3dd676 eael-infobox-content-align--center eael-infobox-shape-square eael-infobox-hover-img-shape-square elementor-widget elementor-widget-eael-info-box\" data-id=\"b3dd676\" data-element_type=\"widget\" data-e-type=\"widget\" data-widget_type=\"eael-info-box.default\">\n\t\t\t\t\t        <div class=\"eael-infobox icon-on-top\">\n\t            <div class=\"infobox-icon\">\n\n                            <img decoding=\"async\" src=\"https:\/\/www.fgrow.fi\/wp-content\/uploads\/2026\/02\/Tommin-profiilikuva.jpg\" alt=\"\">\n            \n            \n            \n        <\/div>\n            <div class=\"infobox-content\">\n                    <div class=\"infobox-title-section\">\n                <h4 class=\"sub_title\">CEO<\/h4><h3 class=\"title\">Tommi H\u00e4m\u00e4l\u00e4inen<\/h3>            <\/div>\n            <div><p>+358 40 4149496 <br \/>tommi.hamalainen@fgrow.fi<\/p><\/div>        <\/div>\n            <\/div>\n\n\t\t\t\t\t\t<\/div>\n\t\t\t\t<\/div>\n\t\t<div data-particle_enable=\"false\" data-particle-mobile-disabled=\"false\" class=\"elementor-element elementor-element-8615529 e-con-full e-flex e-con e-child\" data-id=\"8615529\" data-element_type=\"container\" data-e-type=\"container\">\n\t\t\t\t<div class=\"elementor-element elementor-element-c59db98 eael-infobox-content-align--center eael-infobox-shape-square eael-infobox-hover-img-shape-square elementor-widget elementor-widget-eael-info-box\" data-id=\"c59db98\" data-element_type=\"widget\" data-e-type=\"widget\" data-widget_type=\"eael-info-box.default\">\n\t\t\t\t\t        <div class=\"eael-infobox icon-on-top\">\n\t            <div class=\"infobox-icon\">\n\n                            <img decoding=\"async\" src=\"https:\/\/www.fgrow.fi\/wp-content\/uploads\/2026\/02\/Juhan-profiilikuva.jpg\" alt=\"\">\n            \n            \n            \n        <\/div>\n            <div class=\"infobox-content\">\n                    <div class=\"infobox-title-section\">\n                <h4 class=\"sub_title\">COO<\/h4><h3 class=\"title\">Juha Salo<\/h3>            <\/div>\n            <div><p>+358 45 1013170 <br \/>juha.salo@fgrow.fi<\/p><\/div>        <\/div>\n            <\/div>\n\n\t\t\t\t\t\t<\/div>\n\t\t\t\t<\/div>\n\t\t<div data-particle_enable=\"false\" data-particle-mobile-disabled=\"false\" class=\"elementor-element elementor-element-adc8314 e-con-full e-flex e-con e-child\" data-id=\"adc8314\" data-element_type=\"container\" data-e-type=\"container\">\n\t\t\t\t<div class=\"elementor-element elementor-element-531a134 eael-infobox-content-align--center eael-infobox-shape-square eael-infobox-hover-img-shape-square elementor-widget elementor-widget-eael-info-box\" data-id=\"531a134\" data-element_type=\"widget\" data-e-type=\"widget\" data-widget_type=\"eael-info-box.default\">\n\t\t\t\t\t        <div class=\"eael-infobox icon-on-top\">\n\t            <div class=\"infobox-icon\">\n\n                            <img decoding=\"async\" src=\"https:\/\/www.fgrow.fi\/wp-content\/uploads\/2026\/02\/Jarin-profiilikuva2.jpg\" alt=\"\">\n            \n            \n            \n        <\/div>\n            <div class=\"infobox-content\">\n                    <div class=\"infobox-title-section\">\n                <h4 class=\"sub_title\">Kansainv\u00e4linen projektip\u00e4\u00e4llikk\u00f6<\/h4><h3 class=\"title\">Jari Korhonen<\/h3>            <\/div>\n            <div>+358 44 3465041 <br> info@fgrow.fi<\/div>        <\/div>\n            <\/div>\n\n\t\t\t\t\t\t<\/div>\n\t\t\t\t<\/div>\n\t\t\t\t\t<\/div>\n\t\t\t\t<\/div>\n\t\t<div data-particle_enable=\"false\" data-particle-mobile-disabled=\"false\" class=\"elementor-element elementor-element-f23c895 e-flex e-con-boxed e-con e-parent\" data-id=\"f23c895\" data-element_type=\"container\" data-e-type=\"container\">\n\t\t\t\t\t<div class=\"e-con-inner\">\n\t\t<div data-particle_enable=\"false\" data-particle-mobile-disabled=\"false\" class=\"elementor-element elementor-element-38121db e-con-full e-flex e-con e-child\" data-id=\"38121db\" data-element_type=\"container\" data-e-type=\"container\">\n\t\t\t\t<\/div>\n\t\t<div data-particle_enable=\"false\" data-particle-mobile-disabled=\"false\" class=\"elementor-element elementor-element-631a9ff e-con-full e-flex e-con e-child\" data-id=\"631a9ff\" data-element_type=\"container\" data-e-type=\"container\">\n\t\t\t\t<div class=\"elementor-element elementor-element-13508b0 eael-infobox-content-align--center elementor-widget elementor-widget-eael-info-box\" data-id=\"13508b0\" data-element_type=\"widget\" data-e-type=\"widget\" data-widget_type=\"eael-info-box.default\">\n\t\t\t\t\t        <div class=\"eael-infobox icon-on-top\">\n\t            <div class=\"infobox-content\">\n                    <div class=\"infobox-title-section\">\n                <h4 class=\"sub_title\">Taloushallinto<\/h4><h3 class=\"title\">Santeri Saarenp\u00e4\u00e4<\/h3>            <\/div>\n            <div><p>+358 50 3388717<br \/>info@fgrow.fi<\/p><\/div>        <\/div>\n            <\/div>\n\n\t\t\t\t\t\t<\/div>\n\t\t\t\t<\/div>\n\t\t<div data-particle_enable=\"false\" data-particle-mobile-disabled=\"false\" class=\"elementor-element elementor-element-c817cd1 e-con-full e-flex e-con e-child\" data-id=\"c817cd1\" data-element_type=\"container\" data-e-type=\"container\">\n\t\t\t\t<div class=\"elementor-element elementor-element-50657cf eael-infobox-content-align--center elementor-widget elementor-widget-eael-info-box\" data-id=\"50657cf\" data-element_type=\"widget\" data-e-type=\"widget\" data-widget_type=\"eael-info-box.default\">\n\t\t\t\t\t        <div class=\"eael-infobox icon-on-top\">\n\t            <div class=\"infobox-content\">\n                    <div class=\"infobox-title-section\">\n                <h4 class=\"sub_title\">Ty\u00f6njohto<\/h4><h3 class=\"title\">Janne Paulanto<\/h3>            <\/div>\n            <div><p>+358 50 3300792<br \/>janne.paulanto@fgrow.fi<\/p><\/div>        <\/div>\n            <\/div>\n\n\t\t\t\t\t\t<\/div>\n\t\t\t\t<\/div>\n\t\t<div data-particle_enable=\"false\" data-particle-mobile-disabled=\"false\" class=\"elementor-element elementor-element-937c815 e-con-full e-flex e-con e-child\" data-id=\"937c815\" data-element_type=\"container\" data-e-type=\"container\">\n\t\t\t\t<\/div>\n\t\t\t\t\t<\/div>\n\t\t\t\t<\/div>\n\t\t\t\t<\/div>\n\t\t","protected":false},"excerpt":{"rendered":"<p>Ota meihin yhteytt\u00e4 Yhteystiedot CEO Tommi H\u00e4m\u00e4l\u00e4inen +358 40 4149496 tommi.hamalainen@fgrow.fi COO Juha Salo +358 45 1013170 juha.salo@fgrow.fi Kansainv\u00e4linen projektip\u00e4\u00e4llikk\u00f6 [&hellip;]<\/p>\n","protected":false},"author":1,"featured_media":0,"parent":0,"menu_order":0,"comment_status":"closed","ping_status":"closed","template":"","meta":{"site-sidebar-layout":"no-sidebar","site-content-layout":"","ast-site-content-layout":"full-width-container","site-content-style":"default","site-sidebar-style":"default","ast-global-header-display":"","ast-banner-title-visibility":"","ast-main-header-display":"","ast-hfb-above-header-display":"","ast-hfb-below-header-display":"","ast-hfb-mobile-header-display":"","site-post-title":"disabled","ast-breadcrumbs-content":"","ast-featured-img":"disabled","footer-sml-layout":"","ast-disable-related-posts":"","theme-transparent-header-meta":"","adv-header-id-meta":"","stick-header-meta":"","header-above-stick-meta":"","header-main-stick-meta":"","header-below-stick-meta":"","astra-migrate-meta-layouts":"default","ast-page-background-enabled":"default","ast-page-background-meta":{"desktop":{"background-color":"var(--ast-global-color-5)","background-image":"","background-repeat":"repeat","background-position":"center center","background-size":"auto","background-attachment":"scroll","background-type":"","background-media":"","overlay-type":"","overlay-color":"","overlay-opacity":"","overlay-gradient":""},"tablet":{"background-color":"","background-image":"","background-repeat":"repeat","background-position":"center center","background-size":"auto","background-attachment":"scroll","background-type":"","background-media":"","overlay-type":"","overlay-color":"","overlay-opacity":"","overlay-gradient":""},"mobile":{"background-color":"","background-image":"","background-repeat":"repeat","background-position":"center center","background-size":"auto","background-attachment":"scroll","background-type":"","background-media":"","overlay-type":"","overlay-color":"","overlay-opacity":"","overlay-gradient":""}},"ast-content-background-meta":{"desktop":{"background-color":"var(--ast-global-color-4)","background-image":"","background-repeat":"repeat","background-position":"center center","background-size":"auto","background-attachment":"scroll","background-type":"","background-media":"","overlay-type":"","overlay-color":"","overlay-opacity":"","overlay-gradient":""},"tablet":{"background-color":"var(--ast-global-color-4)","background-image":"","background-repeat":"repeat","background-position":"center center","background-size":"auto","background-attachment":"scroll","background-type":"","background-media":"","overlay-type":"","overlay-color":"","overlay-opacity":"","overlay-gradient":""},"mobile":{"background-color":"var(--ast-global-color-4)","background-image":"","background-repeat":"repeat","background-position":"center center","background-size":"auto","background-attachment":"scroll","background-type":"","background-media":"","overlay-type":"","overlay-color":"","overlay-opacity":"","overlay-gradient":""}},"footnotes":""},"class_list":["post-45","page","type-page","status-publish","hentry"],"yoast_head":"<!-- This site is optimized with the Yoast SEO plugin v27.5 - https:\/\/yoast.com\/product\/yoast-seo-wordpress\/ -->\n<title>Yhteystiedot - F Grow Oy<\/title>\n<meta name=\"robots\" content=\"index, follow, max-snippet:-1, max-image-preview:large, max-video-preview:-1\" \/>\n<link rel=\"canonical\" href=\"https:\/\/www.fgrow.fi\/en\/yhteystiedot\/\" \/>\n<meta property=\"og:locale\" content=\"en_GB\" \/>\n<meta property=\"og:type\" content=\"article\" \/>\n<meta property=\"og:title\" content=\"Yhteystiedot - F Grow Oy\" \/>\n<meta property=\"og:description\" content=\"Ota meihin yhteytt\u00e4 Yhteystiedot CEO Tommi H\u00e4m\u00e4l\u00e4inen +358 40 4149496 tommi.hamalainen@fgrow.fi COO Juha Salo +358 45 1013170 juha.salo@fgrow.fi Kansainv\u00e4linen projektip\u00e4\u00e4llikk\u00f6 [&hellip;]\" \/>\n<meta property=\"og:url\" content=\"https:\/\/www.fgrow.fi\/en\/yhteystiedot\/\" \/>\n<meta property=\"og:site_name\" content=\"F Grow Oy\" \/>\n<meta property=\"article:modified_time\" content=\"2026-02-20T13:23:37+00:00\" \/>\n<meta property=\"og:image\" content=\"https:\/\/www.fgrow.fi\/wp-content\/uploads\/2026\/02\/Tommin-profiilikuva.jpg\" \/>\n<meta name=\"twitter:card\" content=\"summary_large_image\" \/>\n<meta name=\"twitter:label1\" content=\"Estimated reading time\" \/>\n\t<meta name=\"twitter:data1\" content=\"1 minute\" \/>\n<script type=\"application\/ld+json\" class=\"yoast-schema-graph\">{\"@context\":\"https:\\\/\\\/schema.org\",\"@graph\":[{\"@type\":\"WebPage\",\"@id\":\"https:\\\/\\\/www.fgrow.fi\\\/yhteystiedot\\\/\",\"url\":\"https:\\\/\\\/www.fgrow.fi\\\/yhteystiedot\\\/\",\"name\":\"Yhteystiedot - F Grow Oy\",\"isPartOf\":{\"@id\":\"https:\\\/\\\/www.fgrow.fi\\\/#website\"},\"primaryImageOfPage\":{\"@id\":\"https:\\\/\\\/www.fgrow.fi\\\/yhteystiedot\\\/#primaryimage\"},\"image\":{\"@id\":\"https:\\\/\\\/www.fgrow.fi\\\/yhteystiedot\\\/#primaryimage\"},\"thumbnailUrl\":\"https:\\\/\\\/www.fgrow.fi\\\/wp-content\\\/uploads\\\/2026\\\/02\\\/Tommin-profiilikuva.jpg\",\"datePublished\":\"2026-02-13T10:24:52+00:00\",\"dateModified\":\"2026-02-20T13:23:37+00:00\",\"breadcrumb\":{\"@id\":\"https:\\\/\\\/www.fgrow.fi\\\/yhteystiedot\\\/#breadcrumb\"},\"inLanguage\":\"en-GB\",\"potentialAction\":[{\"@type\":\"ReadAction\",\"target\":[\"https:\\\/\\\/www.fgrow.fi\\\/yhteystiedot\\\/\"]}]},{\"@type\":\"ImageObject\",\"inLanguage\":\"en-GB\",\"@id\":\"https:\\\/\\\/www.fgrow.fi\\\/yhteystiedot\\\/#primaryimage\",\"url\":\"https:\\\/\\\/www.fgrow.fi\\\/wp-content\\\/uploads\\\/2026\\\/02\\\/Tommin-profiilikuva.jpg\",\"contentUrl\":\"https:\\\/\\\/www.fgrow.fi\\\/wp-content\\\/uploads\\\/2026\\\/02\\\/Tommin-profiilikuva.jpg\"},{\"@type\":\"BreadcrumbList\",\"@id\":\"https:\\\/\\\/www.fgrow.fi\\\/yhteystiedot\\\/#breadcrumb\",\"itemListElement\":[{\"@type\":\"ListItem\",\"position\":1,\"name\":\"Home\",\"item\":\"https:\\\/\\\/www.fgrow.fi\\\/\"},{\"@type\":\"ListItem\",\"position\":2,\"name\":\"Yhteystiedot\"}]},{\"@type\":\"WebSite\",\"@id\":\"https:\\\/\\\/www.fgrow.fi\\\/#website\",\"url\":\"https:\\\/\\\/www.fgrow.fi\\\/\",\"name\":\"F Grow Oy\",\"description\":\"Kest&auml;v&auml;t ratkaisut vaativiin rakenteisiin.\",\"publisher\":{\"@id\":\"https:\\\/\\\/www.fgrow.fi\\\/#organization\"},\"potentialAction\":[{\"@type\":\"SearchAction\",\"target\":{\"@type\":\"EntryPoint\",\"urlTemplate\":\"https:\\\/\\\/www.fgrow.fi\\\/?s={search_term_string}\"},\"query-input\":{\"@type\":\"PropertyValueSpecification\",\"valueRequired\":true,\"valueName\":\"search_term_string\"}}],\"inLanguage\":\"en-GB\"},{\"@type\":\"Organization\",\"@id\":\"https:\\\/\\\/www.fgrow.fi\\\/#organization\",\"name\":\"F Grow Oy\",\"url\":\"https:\\\/\\\/www.fgrow.fi\\\/\",\"logo\":{\"@type\":\"ImageObject\",\"inLanguage\":\"en-GB\",\"@id\":\"https:\\\/\\\/www.fgrow.fi\\\/#\\\/schema\\\/logo\\\/image\\\/\",\"url\":\"https:\\\/\\\/www.fgrow.fi\\\/wp-content\\\/uploads\\\/2026\\\/02\\\/Fgrow-logo-scaled.png\",\"contentUrl\":\"https:\\\/\\\/www.fgrow.fi\\\/wp-content\\\/uploads\\\/2026\\\/02\\\/Fgrow-logo-scaled.png\",\"width\":2560,\"height\":714,\"caption\":\"F Grow Oy\"},\"image\":{\"@id\":\"https:\\\/\\\/www.fgrow.fi\\\/#\\\/schema\\\/logo\\\/image\\\/\"}}]}<\/script>\n<!-- \/ Yoast SEO plugin. -->","yoast_head_json":{"title":"Yhteystiedot - F Grow Oy","robots":{"index":"index","follow":"follow","max-snippet":"max-snippet:-1","max-image-preview":"max-image-preview:large","max-video-preview":"max-video-preview:-1"},"canonical":"https:\/\/www.fgrow.fi\/en\/yhteystiedot\/","og_locale":"en_GB","og_type":"article","og_title":"Yhteystiedot - F Grow Oy","og_description":"Ota meihin yhteytt\u00e4 Yhteystiedot CEO Tommi H\u00e4m\u00e4l\u00e4inen +358 40 4149496 tommi.hamalainen@fgrow.fi COO Juha Salo +358 45 1013170 juha.salo@fgrow.fi Kansainv\u00e4linen projektip\u00e4\u00e4llikk\u00f6 [&hellip;]","og_url":"https:\/\/www.fgrow.fi\/en\/yhteystiedot\/","og_site_name":"F Grow Oy","article_modified_time":"2026-02-20T13:23:37+00:00","og_image":[{"url":"https:\/\/www.fgrow.fi\/wp-content\/uploads\/2026\/02\/Tommin-profiilikuva.jpg","type":"","width":"","height":""}],"twitter_card":"summary_large_image","twitter_misc":{"Estimated reading time":"1 minute"},"schema":{"@context":"https:\/\/schema.org","@graph":[{"@type":"WebPage","@id":"https:\/\/www.fgrow.fi\/yhteystiedot\/","url":"https:\/\/www.fgrow.fi\/yhteystiedot\/","name":"Yhteystiedot - F Grow Oy","isPartOf":{"@id":"https:\/\/www.fgrow.fi\/#website"},"primaryImageOfPage":{"@id":"https:\/\/www.fgrow.fi\/yhteystiedot\/#primaryimage"},"image":{"@id":"https:\/\/www.fgrow.fi\/yhteystiedot\/#primaryimage"},"thumbnailUrl":"https:\/\/www.fgrow.fi\/wp-content\/uploads\/2026\/02\/Tommin-profiilikuva.jpg","datePublished":"2026-02-13T10:24:52+00:00","dateModified":"2026-02-20T13:23:37+00:00","breadcrumb":{"@id":"https:\/\/www.fgrow.fi\/yhteystiedot\/#breadcrumb"},"inLanguage":"en-GB","potentialAction":[{"@type":"ReadAction","target":["https:\/\/www.fgrow.fi\/yhteystiedot\/"]}]},{"@type":"ImageObject","inLanguage":"en-GB","@id":"https:\/\/www.fgrow.fi\/yhteystiedot\/#primaryimage","url":"https:\/\/www.fgrow.fi\/wp-content\/uploads\/2026\/02\/Tommin-profiilikuva.jpg","contentUrl":"https:\/\/www.fgrow.fi\/wp-content\/uploads\/2026\/02\/Tommin-profiilikuva.jpg"},{"@type":"BreadcrumbList","@id":"https:\/\/www.fgrow.fi\/yhteystiedot\/#breadcrumb","itemListElement":[{"@type":"ListItem","position":1,"name":"Home","item":"https:\/\/www.fgrow.fi\/"},{"@type":"ListItem","position":2,"name":"Yhteystiedot"}]},{"@type":"WebSite","@id":"https:\/\/www.fgrow.fi\/#website","url":"https:\/\/www.fgrow.fi\/","name":"F Grow Oy","description":"Kest&auml;v&auml;t ratkaisut vaativiin rakenteisiin.","publisher":{"@id":"https:\/\/www.fgrow.fi\/#organization"},"potentialAction":[{"@type":"SearchAction","target":{"@type":"EntryPoint","urlTemplate":"https:\/\/www.fgrow.fi\/?s={search_term_string}"},"query-input":{"@type":"PropertyValueSpecification","valueRequired":true,"valueName":"search_term_string"}}],"inLanguage":"en-GB"},{"@type":"Organization","@id":"https:\/\/www.fgrow.fi\/#organization","name":"F Grow Oy","url":"https:\/\/www.fgrow.fi\/","logo":{"@type":"ImageObject","inLanguage":"en-GB","@id":"https:\/\/www.fgrow.fi\/#\/schema\/logo\/image\/","url":"https:\/\/www.fgrow.fi\/wp-content\/uploads\/2026\/02\/Fgrow-logo-scaled.png","contentUrl":"https:\/\/www.fgrow.fi\/wp-content\/uploads\/2026\/02\/Fgrow-logo-scaled.png","width":2560,"height":714,"caption":"F Grow Oy"},"image":{"@id":"https:\/\/www.fgrow.fi\/#\/schema\/logo\/image\/"}}]}},"_links":{"self":[{"href":"https:\/\/www.fgrow.fi\/en\/wp-json\/wp\/v2\/pages\/45","targetHints":{"allow":["GET"]}}],"collection":[{"href":"https:\/\/www.fgrow.fi\/en\/wp-json\/wp\/v2\/pages"}],"about":[{"href":"https:\/\/www.fgrow.fi\/en\/wp-json\/wp\/v2\/types\/page"}],"author":[{"embeddable":true,"href":"https:\/\/www.fgrow.fi\/en\/wp-json\/wp\/v2\/users\/1"}],"replies":[{"embeddable":true,"href":"https:\/\/www.fgrow.fi\/en\/wp-json\/wp\/v2\/comments?post=45"}],"version-history":[{"count":25,"href":"https:\/\/www.fgrow.fi\/en\/wp-json\/wp\/v2\/pages\/45\/revisions"}],"predecessor-version":[{"id":191,"href":"https:\/\/www.fgrow.fi\/en\/wp-json\/wp\/v2\/pages\/45\/revisions\/191"}],"wp:attachment":[{"href":"https:\/\/www.fgrow.fi\/en\/wp-json\/wp\/v2\/media?parent=45"}],"curies":[{"name":"wp","href":"https:\/\/api.w.org\/{rel}","templated":true}]}}